{"id":20956,"date":"2026-03-23T13:21:59","date_gmt":"2026-03-23T10:21:59","guid":{"rendered":"https:\/\/cyotomotiv.com\/urunler\/?post_type=product&#038;p=20956"},"modified":"2026-03-23T13:22:11","modified_gmt":"2026-03-23T10:22:11","slug":"06-742600-30-kompresor-segmani-88mm-2521-man-mercedes","status":"publish","type":"product","link":"https:\/\/cyotomotiv.com\/urunler\/tr\/man\/06-742600-30-kompresor-segmani-88mm-2521-man-mercedes\/","title":{"rendered":"06.742600.30 KOMPRES\u00d6R SEGMANI 88MM 2521 MAN, MERCEDES"},"content":{"rendered":"<p>Oem No:<strong> 06.742600.30 <\/strong><\/p>\n<p>   Brand \/ Model:<strong>  MAN, MERCEDES <\/strong><\/p>\n<p>   Product Name:<strong> KOMPRES\u00d6R SEGMANI 88MM 2521 <\/strong><\/p>\n","protected":false},"excerpt":{"rendered":"<p>Oem No:<strong> 06.742600.30 <\/strong><\/p>\n<p>   Brand \/ Model:<strong>  MAN, MERCEDES <\/strong><\/p>\n<p>   Product Name:<strong> KOMPRES\u00d6R SEGMANI 88MM 2521 <\/strong><\/p>\n","protected":false},"featured_media":14900,"comment_status":"closed","ping_status":"closed","template":"","meta":[],"product_cat":[530,9209],"product_tag":[],"class_list":{"0":"post-20956","1":"product","2":"type-product","3":"status-publish","4":"has-post-thumbnail","6":"product_cat-man","7":"product_cat-mercedes","9":"first","10":"instock","11":"featured","12":"shipping-taxable","13":"product-type-simple","14":"col-xs-6 col-sm-4","15":"col-mf-5","16":"un-5-cols"},"yoast_head":"<!-- This site is optimized with the Yoast SEO plugin v25.6 - https:\/\/yoast.com\/wordpress\/plugins\/seo\/ -->\n<title>06.742600.30 KOMPRES\u00d6R SEGMANI 88MM 2521 MAN, MERCEDES - Man Yedek Par\u00e7a - Mercedes TIR Kamyon Yedek Par\u00e7a<\/title>\n<meta name=\"robots\" content=\"index, follow, max-snippet:-1, max-image-preview:large, max-video-preview:-1\" \/>\n<link rel=\"canonical\" href=\"https:\/\/cyotomotiv.com\/urunler\/tr\/man\/06-742600-30-kompresor-segmani-88mm-2521-man-mercedes\/\" \/>\n<meta property=\"og:locale\" content=\"tr_TR\" \/>\n<meta property=\"og:type\" content=\"article\" \/>\n<meta property=\"og:title\" content=\"06.742600.30 KOMPRES\u00d6R SEGMANI 88MM 2521 MAN, MERCEDES - Man Yedek Par\u00e7a - Mercedes TIR Kamyon Yedek Par\u00e7a\" \/>\n<meta property=\"og:description\" content=\"Oem No: 06.742600.30   Brand \/ Model: MAN, MERCEDES   Product Name: KOMPRES\u00d6R SEGMANI 88MM 2521\" \/>\n<meta property=\"og:url\" content=\"https:\/\/cyotomotiv.com\/urunler\/tr\/man\/06-742600-30-kompresor-segmani-88mm-2521-man-mercedes\/\" \/>\n<meta property=\"og:site_name\" content=\"Man Yedek Par\u00e7a - Mercedes TIR Kamyon Yedek Par\u00e7a\" \/>\n<meta property=\"article:modified_time\" content=\"2026-03-23T10:22:11+00:00\" \/>\n<meta name=\"twitter:card\" content=\"summary_large_image\" \/>\n<script type=\"application\/ld+json\" class=\"yoast-schema-graph\">{\"@context\":\"https:\/\/schema.org\",\"@graph\":[{\"@type\":\"WebPage\",\"@id\":\"https:\/\/cyotomotiv.com\/urunler\/tr\/man\/06-742600-30-kompresor-segmani-88mm-2521-man-mercedes\/\",\"url\":\"https:\/\/cyotomotiv.com\/urunler\/tr\/man\/06-742600-30-kompresor-segmani-88mm-2521-man-mercedes\/\",\"name\":\"06.742600.30 KOMPRES\u00d6R SEGMANI 88MM 2521 MAN, MERCEDES - Man Yedek Par\u00e7a - Mercedes TIR Kamyon Yedek Par\u00e7a\",\"isPartOf\":{\"@id\":\"https:\/\/cyotomotiv.com\/urunler\/#website\"},\"primaryImageOfPage\":{\"@id\":\"https:\/\/cyotomotiv.com\/urunler\/tr\/man\/06-742600-30-kompresor-segmani-88mm-2521-man-mercedes\/#primaryimage\"},\"image\":{\"@id\":\"https:\/\/cyotomotiv.com\/urunler\/tr\/man\/06-742600-30-kompresor-segmani-88mm-2521-man-mercedes\/#primaryimage\"},\"thumbnailUrl\":\"https:\/\/cyotomotiv.com\/urunler\/wp-content\/uploads\/2025\/10\/woocommerce-placeholder-600x600-1.png\",\"datePublished\":\"2026-03-23T10:21:59+00:00\",\"dateModified\":\"2026-03-23T10:22:11+00:00\",\"breadcrumb\":{\"@id\":\"https:\/\/cyotomotiv.com\/urunler\/tr\/man\/06-742600-30-kompresor-segmani-88mm-2521-man-mercedes\/#breadcrumb\"},\"inLanguage\":\"tr\",\"potentialAction\":[{\"@type\":\"ReadAction\",\"target\":[\"https:\/\/cyotomotiv.com\/urunler\/tr\/man\/06-742600-30-kompresor-segmani-88mm-2521-man-mercedes\/\"]}]},{\"@type\":\"ImageObject\",\"inLanguage\":\"tr\",\"@id\":\"https:\/\/cyotomotiv.com\/urunler\/tr\/man\/06-742600-30-kompresor-segmani-88mm-2521-man-mercedes\/#primaryimage\",\"url\":\"https:\/\/cyotomotiv.com\/urunler\/wp-content\/uploads\/2025\/10\/woocommerce-placeholder-600x600-1.png\",\"contentUrl\":\"https:\/\/cyotomotiv.com\/urunler\/wp-content\/uploads\/2025\/10\/woocommerce-placeholder-600x600-1.png\",\"width\":600,\"height\":600},{\"@type\":\"BreadcrumbList\",\"@id\":\"https:\/\/cyotomotiv.com\/urunler\/tr\/man\/06-742600-30-kompresor-segmani-88mm-2521-man-mercedes\/#breadcrumb\",\"itemListElement\":[{\"@type\":\"ListItem\",\"position\":1,\"name\":\"Anasayfa\",\"item\":\"https:\/\/cyotomotiv.com\/urunler\/\"},{\"@type\":\"ListItem\",\"position\":2,\"name\":\"\u00dcr\u00fcnler\",\"item\":\"https:\/\/cyotomotiv.com\/urunler\/\"},{\"@type\":\"ListItem\",\"position\":3,\"name\":\"06.742600.30 KOMPRES\u00d6R SEGMANI 88MM 2521 MAN, MERCEDES\"}]},{\"@type\":\"WebSite\",\"@id\":\"https:\/\/cyotomotiv.com\/urunler\/#website\",\"url\":\"https:\/\/cyotomotiv.com\/urunler\/\",\"name\":\"Man Yedek Par\u00e7a - Mercedes TIR Kamyon Yedek Par\u00e7a\",\"description\":\"\",\"potentialAction\":[{\"@type\":\"SearchAction\",\"target\":{\"@type\":\"EntryPoint\",\"urlTemplate\":\"https:\/\/cyotomotiv.com\/urunler\/?s={search_term_string}\"},\"query-input\":{\"@type\":\"PropertyValueSpecification\",\"valueRequired\":true,\"valueName\":\"search_term_string\"}}],\"inLanguage\":\"tr\"}]}<\/script>\n<!-- \/ Yoast SEO plugin. -->","yoast_head_json":{"title":"06.742600.30 KOMPRES\u00d6R SEGMANI 88MM 2521 MAN, MERCEDES - Man Yedek Par\u00e7a - Mercedes TIR Kamyon Yedek Par\u00e7a","robots":{"index":"index","follow":"follow","max-snippet":"max-snippet:-1","max-image-preview":"max-image-preview:large","max-video-preview":"max-video-preview:-1"},"canonical":"https:\/\/cyotomotiv.com\/urunler\/tr\/man\/06-742600-30-kompresor-segmani-88mm-2521-man-mercedes\/","og_locale":"tr_TR","og_type":"article","og_title":"06.742600.30 KOMPRES\u00d6R SEGMANI 88MM 2521 MAN, MERCEDES - Man Yedek Par\u00e7a - Mercedes TIR Kamyon Yedek Par\u00e7a","og_description":"Oem No: 06.742600.30   Brand \/ Model: MAN, MERCEDES   Product Name: KOMPRES\u00d6R SEGMANI 88MM 2521","og_url":"https:\/\/cyotomotiv.com\/urunler\/tr\/man\/06-742600-30-kompresor-segmani-88mm-2521-man-mercedes\/","og_site_name":"Man Yedek Par\u00e7a - Mercedes TIR Kamyon Yedek Par\u00e7a","article_modified_time":"2026-03-23T10:22:11+00:00","twitter_card":"summary_large_image","schema":{"@context":"https:\/\/schema.org","@graph":[{"@type":"WebPage","@id":"https:\/\/cyotomotiv.com\/urunler\/tr\/man\/06-742600-30-kompresor-segmani-88mm-2521-man-mercedes\/","url":"https:\/\/cyotomotiv.com\/urunler\/tr\/man\/06-742600-30-kompresor-segmani-88mm-2521-man-mercedes\/","name":"06.742600.30 KOMPRES\u00d6R SEGMANI 88MM 2521 MAN, MERCEDES - Man Yedek Par\u00e7a - Mercedes TIR Kamyon Yedek Par\u00e7a","isPartOf":{"@id":"https:\/\/cyotomotiv.com\/urunler\/#website"},"primaryImageOfPage":{"@id":"https:\/\/cyotomotiv.com\/urunler\/tr\/man\/06-742600-30-kompresor-segmani-88mm-2521-man-mercedes\/#primaryimage"},"image":{"@id":"https:\/\/cyotomotiv.com\/urunler\/tr\/man\/06-742600-30-kompresor-segmani-88mm-2521-man-mercedes\/#primaryimage"},"thumbnailUrl":"https:\/\/cyotomotiv.com\/urunler\/wp-content\/uploads\/2025\/10\/woocommerce-placeholder-600x600-1.png","datePublished":"2026-03-23T10:21:59+00:00","dateModified":"2026-03-23T10:22:11+00:00","breadcrumb":{"@id":"https:\/\/cyotomotiv.com\/urunler\/tr\/man\/06-742600-30-kompresor-segmani-88mm-2521-man-mercedes\/#breadcrumb"},"inLanguage":"tr","potentialAction":[{"@type":"ReadAction","target":["https:\/\/cyotomotiv.com\/urunler\/tr\/man\/06-742600-30-kompresor-segmani-88mm-2521-man-mercedes\/"]}]},{"@type":"ImageObject","inLanguage":"tr","@id":"https:\/\/cyotomotiv.com\/urunler\/tr\/man\/06-742600-30-kompresor-segmani-88mm-2521-man-mercedes\/#primaryimage","url":"https:\/\/cyotomotiv.com\/urunler\/wp-content\/uploads\/2025\/10\/woocommerce-placeholder-600x600-1.png","contentUrl":"https:\/\/cyotomotiv.com\/urunler\/wp-content\/uploads\/2025\/10\/woocommerce-placeholder-600x600-1.png","width":600,"height":600},{"@type":"BreadcrumbList","@id":"https:\/\/cyotomotiv.com\/urunler\/tr\/man\/06-742600-30-kompresor-segmani-88mm-2521-man-mercedes\/#breadcrumb","itemListElement":[{"@type":"ListItem","position":1,"name":"Anasayfa","item":"https:\/\/cyotomotiv.com\/urunler\/"},{"@type":"ListItem","position":2,"name":"\u00dcr\u00fcnler","item":"https:\/\/cyotomotiv.com\/urunler\/"},{"@type":"ListItem","position":3,"name":"06.742600.30 KOMPRES\u00d6R SEGMANI 88MM 2521 MAN, MERCEDES"}]},{"@type":"WebSite","@id":"https:\/\/cyotomotiv.com\/urunler\/#website","url":"https:\/\/cyotomotiv.com\/urunler\/","name":"Man Yedek Par\u00e7a - Mercedes TIR Kamyon Yedek Par\u00e7a","description":"","potentialAction":[{"@type":"SearchAction","target":{"@type":"EntryPoint","urlTemplate":"https:\/\/cyotomotiv.com\/urunler\/?s={search_term_string}"},"query-input":{"@type":"PropertyValueSpecification","valueRequired":true,"valueName":"search_term_string"}}],"inLanguage":"tr"}]}},"_links":{"self":[{"href":"https:\/\/cyotomotiv.com\/urunler\/wp-json\/wp\/v2\/product\/20956","targetHints":{"allow":["GET"]}}],"collection":[{"href":"https:\/\/cyotomotiv.com\/urunler\/wp-json\/wp\/v2\/product"}],"about":[{"href":"https:\/\/cyotomotiv.com\/urunler\/wp-json\/wp\/v2\/types\/product"}],"replies":[{"embeddable":true,"href":"https:\/\/cyotomotiv.com\/urunler\/wp-json\/wp\/v2\/comments?post=20956"}],"wp:featuredmedia":[{"embeddable":true,"href":"https:\/\/cyotomotiv.com\/urunler\/wp-json\/wp\/v2\/media\/14900"}],"wp:attachment":[{"href":"https:\/\/cyotomotiv.com\/urunler\/wp-json\/wp\/v2\/media?parent=20956"}],"wp:term":[{"taxonomy":"product_cat","embeddable":true,"href":"https:\/\/cyotomotiv.com\/urunler\/wp-json\/wp\/v2\/product_cat?post=20956"},{"taxonomy":"product_tag","embeddable":true,"href":"https:\/\/cyotomotiv.com\/urunler\/wp-json\/wp\/v2\/product_tag?post=20956"}],"curies":[{"name":"wp","href":"https:\/\/api.w.org\/{rel}","templated":true}]}}