{"id":16420,"date":"2025-10-06T21:30:26","date_gmt":"2025-10-06T18:30:26","guid":{"rendered":"https:\/\/cyotomotiv.com\/urunler\/tr\/kategorilenmemis\/692253-yatak-daf\/"},"modified":"2025-10-06T21:30:26","modified_gmt":"2025-10-06T18:30:26","slug":"692253-yatak-daf","status":"publish","type":"product","link":"https:\/\/cyotomotiv.com\/urunler\/tr\/daf\/692253-yatak-daf\/","title":{"rendered":"692253 Yatak DAF"},"content":{"rendered":"<p>Oem No:<strong> 692253 <\/strong><\/p>\n<p>   Marka\/Model:<strong>  DAF  <\/strong><\/p>\n<p>   \u00dcr\u00fcn A\u00e7\u0131klamas\u0131:<strong> Yatak <\/strong><\/p>\n","protected":false},"excerpt":{"rendered":"<p>Oem No:<strong> 692253 <\/strong><\/p>\n<p>   Marka\/Model:<strong>  DAF  <\/strong><\/p>\n<p>   \u00dcr\u00fcn A\u00e7\u0131klamas\u0131:<strong> Yatak <\/strong><\/p>\n","protected":false},"featured_media":14900,"comment_status":"closed","ping_status":"closed","template":"","meta":[],"product_cat":[10650],"product_tag":[],"class_list":{"0":"post-16420","1":"product","2":"type-product","3":"status-publish","4":"has-post-thumbnail","6":"product_cat-daf","8":"first","9":"instock","10":"featured","11":"shipping-taxable","12":"product-type-simple","13":"col-xs-6 col-sm-4","14":"col-mf-5","15":"un-5-cols"},"yoast_head":"<!-- This site is optimized with the Yoast SEO plugin v25.6 - https:\/\/yoast.com\/wordpress\/plugins\/seo\/ -->\n<title>692253 Yatak DAF - Man Yedek Par\u00e7a - Mercedes TIR Kamyon Yedek Par\u00e7a<\/title>\n<meta name=\"robots\" content=\"index, follow, max-snippet:-1, max-image-preview:large, max-video-preview:-1\" \/>\n<link rel=\"canonical\" href=\"https:\/\/cyotomotiv.com\/urunler\/tr\/daf\/692253-yatak-daf\/\" \/>\n<meta property=\"og:locale\" content=\"tr_TR\" \/>\n<meta property=\"og:type\" content=\"article\" \/>\n<meta property=\"og:title\" content=\"692253 Yatak DAF - Man Yedek Par\u00e7a - Mercedes TIR Kamyon Yedek Par\u00e7a\" \/>\n<meta property=\"og:description\" content=\"Oem No: 692253   Marka\/Model: DAF    \u00dcr\u00fcn A\u00e7\u0131klamas\u0131: Yatak\" \/>\n<meta property=\"og:url\" content=\"https:\/\/cyotomotiv.com\/urunler\/tr\/daf\/692253-yatak-daf\/\" \/>\n<meta property=\"og:site_name\" content=\"Man Yedek Par\u00e7a - Mercedes TIR Kamyon Yedek Par\u00e7a\" \/>\n<meta property=\"og:image\" content=\"https:\/\/cyotomotiv.com\/urunler\/wp-content\/uploads\/2025\/10\/woocommerce-placeholder-600x600-1.png\" \/>\n\t<meta property=\"og:image:width\" content=\"600\" \/>\n\t<meta property=\"og:image:height\" content=\"600\" \/>\n\t<meta property=\"og:image:type\" content=\"image\/png\" \/>\n<meta name=\"twitter:card\" content=\"summary_large_image\" \/>\n<meta name=\"twitter:label1\" content=\"Tahmini okuma s\u00fcresi\" \/>\n\t<meta name=\"twitter:data1\" content=\"1 dakika\" \/>\n<script type=\"application\/ld+json\" class=\"yoast-schema-graph\">{\"@context\":\"https:\/\/schema.org\",\"@graph\":[{\"@type\":\"WebPage\",\"@id\":\"https:\/\/cyotomotiv.com\/urunler\/tr\/daf\/692253-yatak-daf\/\",\"url\":\"https:\/\/cyotomotiv.com\/urunler\/tr\/daf\/692253-yatak-daf\/\",\"name\":\"692253 Yatak DAF - Man Yedek Par\u00e7a - Mercedes TIR Kamyon Yedek Par\u00e7a\",\"isPartOf\":{\"@id\":\"https:\/\/cyotomotiv.com\/urunler\/#website\"},\"primaryImageOfPage\":{\"@id\":\"https:\/\/cyotomotiv.com\/urunler\/tr\/daf\/692253-yatak-daf\/#primaryimage\"},\"image\":{\"@id\":\"https:\/\/cyotomotiv.com\/urunler\/tr\/daf\/692253-yatak-daf\/#primaryimage\"},\"thumbnailUrl\":\"https:\/\/cyotomotiv.com\/urunler\/wp-content\/uploads\/2025\/10\/woocommerce-placeholder-600x600-1.png\",\"datePublished\":\"2025-10-06T18:30:26+00:00\",\"breadcrumb\":{\"@id\":\"https:\/\/cyotomotiv.com\/urunler\/tr\/daf\/692253-yatak-daf\/#breadcrumb\"},\"inLanguage\":\"tr\",\"potentialAction\":[{\"@type\":\"ReadAction\",\"target\":[\"https:\/\/cyotomotiv.com\/urunler\/tr\/daf\/692253-yatak-daf\/\"]}]},{\"@type\":\"ImageObject\",\"inLanguage\":\"tr\",\"@id\":\"https:\/\/cyotomotiv.com\/urunler\/tr\/daf\/692253-yatak-daf\/#primaryimage\",\"url\":\"https:\/\/cyotomotiv.com\/urunler\/wp-content\/uploads\/2025\/10\/woocommerce-placeholder-600x600-1.png\",\"contentUrl\":\"https:\/\/cyotomotiv.com\/urunler\/wp-content\/uploads\/2025\/10\/woocommerce-placeholder-600x600-1.png\",\"width\":600,\"height\":600},{\"@type\":\"BreadcrumbList\",\"@id\":\"https:\/\/cyotomotiv.com\/urunler\/tr\/daf\/692253-yatak-daf\/#breadcrumb\",\"itemListElement\":[{\"@type\":\"ListItem\",\"position\":1,\"name\":\"Anasayfa\",\"item\":\"https:\/\/cyotomotiv.com\/urunler\/\"},{\"@type\":\"ListItem\",\"position\":2,\"name\":\"\u00dcr\u00fcnler\",\"item\":\"https:\/\/cyotomotiv.com\/urunler\/\"},{\"@type\":\"ListItem\",\"position\":3,\"name\":\"692253 Yatak DAF\"}]},{\"@type\":\"WebSite\",\"@id\":\"https:\/\/cyotomotiv.com\/urunler\/#website\",\"url\":\"https:\/\/cyotomotiv.com\/urunler\/\",\"name\":\"Man Yedek Par\u00e7a - Mercedes TIR Kamyon Yedek Par\u00e7a\",\"description\":\"\",\"potentialAction\":[{\"@type\":\"SearchAction\",\"target\":{\"@type\":\"EntryPoint\",\"urlTemplate\":\"https:\/\/cyotomotiv.com\/urunler\/?s={search_term_string}\"},\"query-input\":{\"@type\":\"PropertyValueSpecification\",\"valueRequired\":true,\"valueName\":\"search_term_string\"}}],\"inLanguage\":\"tr\"}]}<\/script>\n<!-- \/ Yoast SEO plugin. -->","yoast_head_json":{"title":"692253 Yatak DAF - Man Yedek Par\u00e7a - Mercedes TIR Kamyon Yedek Par\u00e7a","robots":{"index":"index","follow":"follow","max-snippet":"max-snippet:-1","max-image-preview":"max-image-preview:large","max-video-preview":"max-video-preview:-1"},"canonical":"https:\/\/cyotomotiv.com\/urunler\/tr\/daf\/692253-yatak-daf\/","og_locale":"tr_TR","og_type":"article","og_title":"692253 Yatak DAF - Man Yedek Par\u00e7a - Mercedes TIR Kamyon Yedek Par\u00e7a","og_description":"Oem No: 692253   Marka\/Model: DAF    \u00dcr\u00fcn A\u00e7\u0131klamas\u0131: Yatak","og_url":"https:\/\/cyotomotiv.com\/urunler\/tr\/daf\/692253-yatak-daf\/","og_site_name":"Man Yedek Par\u00e7a - Mercedes TIR Kamyon Yedek Par\u00e7a","og_image":[{"width":600,"height":600,"url":"https:\/\/cyotomotiv.com\/urunler\/wp-content\/uploads\/2025\/10\/woocommerce-placeholder-600x600-1.png","type":"image\/png"}],"twitter_card":"summary_large_image","twitter_misc":{"Tahmini okuma s\u00fcresi":"1 dakika"},"schema":{"@context":"https:\/\/schema.org","@graph":[{"@type":"WebPage","@id":"https:\/\/cyotomotiv.com\/urunler\/tr\/daf\/692253-yatak-daf\/","url":"https:\/\/cyotomotiv.com\/urunler\/tr\/daf\/692253-yatak-daf\/","name":"692253 Yatak DAF - Man Yedek Par\u00e7a - Mercedes TIR Kamyon Yedek Par\u00e7a","isPartOf":{"@id":"https:\/\/cyotomotiv.com\/urunler\/#website"},"primaryImageOfPage":{"@id":"https:\/\/cyotomotiv.com\/urunler\/tr\/daf\/692253-yatak-daf\/#primaryimage"},"image":{"@id":"https:\/\/cyotomotiv.com\/urunler\/tr\/daf\/692253-yatak-daf\/#primaryimage"},"thumbnailUrl":"https:\/\/cyotomotiv.com\/urunler\/wp-content\/uploads\/2025\/10\/woocommerce-placeholder-600x600-1.png","datePublished":"2025-10-06T18:30:26+00:00","breadcrumb":{"@id":"https:\/\/cyotomotiv.com\/urunler\/tr\/daf\/692253-yatak-daf\/#breadcrumb"},"inLanguage":"tr","potentialAction":[{"@type":"ReadAction","target":["https:\/\/cyotomotiv.com\/urunler\/tr\/daf\/692253-yatak-daf\/"]}]},{"@type":"ImageObject","inLanguage":"tr","@id":"https:\/\/cyotomotiv.com\/urunler\/tr\/daf\/692253-yatak-daf\/#primaryimage","url":"https:\/\/cyotomotiv.com\/urunler\/wp-content\/uploads\/2025\/10\/woocommerce-placeholder-600x600-1.png","contentUrl":"https:\/\/cyotomotiv.com\/urunler\/wp-content\/uploads\/2025\/10\/woocommerce-placeholder-600x600-1.png","width":600,"height":600},{"@type":"BreadcrumbList","@id":"https:\/\/cyotomotiv.com\/urunler\/tr\/daf\/692253-yatak-daf\/#breadcrumb","itemListElement":[{"@type":"ListItem","position":1,"name":"Anasayfa","item":"https:\/\/cyotomotiv.com\/urunler\/"},{"@type":"ListItem","position":2,"name":"\u00dcr\u00fcnler","item":"https:\/\/cyotomotiv.com\/urunler\/"},{"@type":"ListItem","position":3,"name":"692253 Yatak DAF"}]},{"@type":"WebSite","@id":"https:\/\/cyotomotiv.com\/urunler\/#website","url":"https:\/\/cyotomotiv.com\/urunler\/","name":"Man Yedek Par\u00e7a - Mercedes TIR Kamyon Yedek Par\u00e7a","description":"","potentialAction":[{"@type":"SearchAction","target":{"@type":"EntryPoint","urlTemplate":"https:\/\/cyotomotiv.com\/urunler\/?s={search_term_string}"},"query-input":{"@type":"PropertyValueSpecification","valueRequired":true,"valueName":"search_term_string"}}],"inLanguage":"tr"}]}},"_links":{"self":[{"href":"https:\/\/cyotomotiv.com\/urunler\/wp-json\/wp\/v2\/product\/16420","targetHints":{"allow":["GET"]}}],"collection":[{"href":"https:\/\/cyotomotiv.com\/urunler\/wp-json\/wp\/v2\/product"}],"about":[{"href":"https:\/\/cyotomotiv.com\/urunler\/wp-json\/wp\/v2\/types\/product"}],"replies":[{"embeddable":true,"href":"https:\/\/cyotomotiv.com\/urunler\/wp-json\/wp\/v2\/comments?post=16420"}],"wp:featuredmedia":[{"embeddable":true,"href":"https:\/\/cyotomotiv.com\/urunler\/wp-json\/wp\/v2\/media\/14900"}],"wp:attachment":[{"href":"https:\/\/cyotomotiv.com\/urunler\/wp-json\/wp\/v2\/media?parent=16420"}],"wp:term":[{"taxonomy":"product_cat","embeddable":true,"href":"https:\/\/cyotomotiv.com\/urunler\/wp-json\/wp\/v2\/product_cat?post=16420"},{"taxonomy":"product_tag","embeddable":true,"href":"https:\/\/cyotomotiv.com\/urunler\/wp-json\/wp\/v2\/product_tag?post=16420"}],"curies":[{"name":"wp","href":"https:\/\/api.w.org\/{rel}","templated":true}]}}